{"id":423,"date":"2016-12-21T09:51:30","date_gmt":"2016-12-21T08:51:30","guid":{"rendered":"http:\/\/www.korrespondance.org\/site\/?page_id=423"},"modified":"2017-03-06T14:12:22","modified_gmt":"2017-03-06T13:12:22","slug":"expositions-virtuelles","status":"publish","type":"page","link":"http:\/\/www.korrespondance.org\/site\/fr\/expositions-virtuelles\/","title":{"rendered":"Nos expositions virtuelles"},"content":{"rendered":"<h2>Nous vous proposons ici de d\u00e9couvrir des artistes russes et fran\u00e7ais dont le travail nous a s\u00e9duit.<\/h2>\n<p>&nbsp;<\/p>\n<p><a href=\"http:\/\/www.korrespondance.org\/site\/fr\/2017\/03\/06\/clavijo\/\"><img loading=\"lazy\" class=\"wp-image-474 size-medium alignleft\" src=\"http:\/\/www.korrespondance.org\/site\/wp-content\/uploads\/2017\/02\/RUK-440x357mm-243x300.jpg\" width=\"243\" height=\"300\" srcset=\"http:\/\/www.korrespondance.org\/site\/wp-content\/uploads\/2017\/02\/RUK-440x357mm-243x300.jpg 243w, http:\/\/www.korrespondance.org\/site\/wp-content\/uploads\/2017\/02\/RUK-440x357mm-768x946.jpg 768w, http:\/\/www.korrespondance.org\/site\/wp-content\/uploads\/2017\/02\/RUK-440x357mm-831x1024.jpg 831w, http:\/\/www.korrespondance.org\/site\/wp-content\/uploads\/2017\/02\/RUK-440x357mm.jpg 1012w\" sizes=\"(max-width: 243px) 100vw, 243px\" \/><\/a><\/p>\n<p>&nbsp;<\/p>\n<p>&nbsp;<\/p>\n<p><a href=\"http:\/\/www.korrespondance.org\/site\/fr\/2017\/03\/06\/clavijo\/\">Le photographe et artiste Vladimir Clavijo Telepnev, plus connu du monde culturel sous le nom de Clavijo, a ouvert il y a un an \u00e0 Nice un atelier.<\/a><\/p>\n<p>&nbsp;<\/p>\n<p>&nbsp;<\/p>\n<p>&nbsp;<\/p>\n<p>&nbsp;<\/p>\n<div id=\"attachment_430\" style=\"width: 302px\" class=\"wp-caption alignleft\"><a href=\"http:\/\/www.korrespondance.org\/site\/fr\/2017\/03\/06\/boiko\/\"><img aria-describedby=\"caption-attachment-430\" loading=\"lazy\" class=\"size-medium wp-image-430\" src=\"http:\/\/www.korrespondance.org\/site\/wp-content\/uploads\/2016\/12\/Iasnaya-poliana-292x300.jpg\" alt=\"Lev Tolsto\u00ef, \u00a9Ivan Bo\u00efko, 2015\" width=\"292\" height=\"300\" srcset=\"http:\/\/www.korrespondance.org\/site\/wp-content\/uploads\/2016\/12\/Iasnaya-poliana-292x300.jpg 292w, http:\/\/www.korrespondance.org\/site\/wp-content\/uploads\/2016\/12\/Iasnaya-poliana-768x790.jpg 768w, http:\/\/www.korrespondance.org\/site\/wp-content\/uploads\/2016\/12\/Iasnaya-poliana-996x1024.jpg 996w, http:\/\/www.korrespondance.org\/site\/wp-content\/uploads\/2016\/12\/Iasnaya-poliana.jpg 1400w\" sizes=\"(max-width: 292px) 100vw, 292px\" \/><\/a><p id=\"caption-attachment-430\" class=\"wp-caption-text\">Lev Tolsto\u00ef, \u00a9Ivan Bo\u00efko, 2015<\/p><\/div>\n<p>&nbsp;<\/p>\n<p>&nbsp;<\/p>\n<p><a href=\"http:\/\/www.korrespondance.org\/site\/fr\/2017\/03\/06\/boiko\/\">La photographie de paysage exige du temps et du calme.<\/a><\/p>\n<p><a href=\"http:\/\/www.korrespondance.org\/site\/fr\/ivan-boiko-lieu-genie\/\">\u00ab\u00a0Lieu du G\u00e9nie\u00a0\u00bb est un projet d&rsquo;exposition d&rsquo;Ivan Bo\u00efko d\u00e9di\u00e9 \u00e0 une dizaine de grands \u00e9crivains russes et fran\u00e7ais.<\/a><\/p>\n","protected":false},"excerpt":{"rendered":"<p>Nous vous proposons ici de d\u00e9couvrir des artistes russes et fran\u00e7ais dont le travail nous a s\u00e9duit. &nbsp; &nbsp; &nbsp; Le photographe et artiste Vladimir Clavijo Telepnev, plus connu du monde culturel sous le nom de Clavijo, a ouvert il y a un an \u00e0 Nice un atelier. &nbsp; &nbsp; &nbsp; &nbsp; &nbsp; &nbsp; La<a href=\"http:\/\/www.korrespondance.org\/site\/fr\/expositions-virtuelles\/\">[&#8230;]<\/a><\/p>\n","protected":false},"author":1,"featured_media":0,"parent":0,"menu_order":0,"comment_status":"closed","ping_status":"closed","template":"","meta":[],"yoast_head":"<!-- This site is optimized with the Yoast SEO plugin v15.1.1 - https:\/\/yoast.com\/wordpress\/plugins\/seo\/ -->\n<title>Nos expositions virtuelles - Association Korrespondance<\/title>\n<meta name=\"robots\" content=\"index, follow, max-snippet:-1, max-image-preview:large, max-video-preview:-1\" \/>\n<link rel=\"canonical\" href=\"http:\/\/www.korrespondance.org\/site\/fr\/expositions-virtuelles\/\" \/>\n<meta property=\"og:locale\" content=\"fr_FR\" \/>\n<meta property=\"og:type\" content=\"article\" \/>\n<meta property=\"og:title\" content=\"Nos expositions virtuelles - Association Korrespondance\" \/>\n<meta property=\"og:description\" content=\"Nous vous proposons ici de d\u00e9couvrir des artistes russes et fran\u00e7ais dont le travail nous a s\u00e9duit. &nbsp; &nbsp; &nbsp; Le photographe et artiste Vladimir Clavijo Telepnev, plus connu du monde culturel sous le nom de Clavijo, a ouvert il y a un an \u00e0 Nice un atelier. &nbsp; &nbsp; &nbsp; &nbsp; &nbsp; &nbsp; La[...]\" \/>\n<meta property=\"og:url\" content=\"http:\/\/www.korrespondance.org\/site\/fr\/expositions-virtuelles\/\" \/>\n<meta property=\"og:site_name\" content=\"Association Korrespondance\" \/>\n<meta property=\"article:modified_time\" content=\"2017-03-06T13:12:22+00:00\" \/>\n<meta property=\"og:image\" content=\"http:\/\/www.korrespondance.org\/site\/wp-content\/uploads\/2017\/02\/RUK-440x357mm-243x300.jpg\" \/>\n<meta name=\"twitter:card\" content=\"summary\" \/>\n<script type=\"application\/ld+json\" class=\"yoast-schema-graph\">{\"@context\":\"https:\/\/schema.org\",\"@graph\":[{\"@type\":\"WebSite\",\"@id\":\"http:\/\/www.korrespondance.org\/site\/#website\",\"url\":\"http:\/\/www.korrespondance.org\/site\/\",\"name\":\"Association Korrespondance\",\"description\":\"Art nomade\",\"potentialAction\":[{\"@type\":\"SearchAction\",\"target\":\"http:\/\/www.korrespondance.org\/site\/?s={search_term_string}\",\"query-input\":\"required name=search_term_string\"}],\"inLanguage\":\"fr-FR\"},{\"@type\":\"ImageObject\",\"@id\":\"http:\/\/www.korrespondance.org\/site\/fr\/expositions-virtuelles\/#primaryimage\",\"inLanguage\":\"fr-FR\",\"url\":\"http:\/\/www.korrespondance.org\/site\/wp-content\/uploads\/2017\/02\/RUK-440x357mm.jpg\",\"width\":1012,\"height\":1247},{\"@type\":\"WebPage\",\"@id\":\"http:\/\/www.korrespondance.org\/site\/fr\/expositions-virtuelles\/#webpage\",\"url\":\"http:\/\/www.korrespondance.org\/site\/fr\/expositions-virtuelles\/\",\"name\":\"Nos expositions virtuelles - Association Korrespondance\",\"isPartOf\":{\"@id\":\"http:\/\/www.korrespondance.org\/site\/#website\"},\"primaryImageOfPage\":{\"@id\":\"http:\/\/www.korrespondance.org\/site\/fr\/expositions-virtuelles\/#primaryimage\"},\"datePublished\":\"2016-12-21T08:51:30+00:00\",\"dateModified\":\"2017-03-06T13:12:22+00:00\",\"inLanguage\":\"fr-FR\",\"potentialAction\":[{\"@type\":\"ReadAction\",\"target\":[\"http:\/\/www.korrespondance.org\/site\/fr\/expositions-virtuelles\/\"]}]}]}<\/script>\n<!-- \/ Yoast SEO plugin. -->","_links":{"self":[{"href":"http:\/\/www.korrespondance.org\/site\/wp-json\/wp\/v2\/pages\/423"}],"collection":[{"href":"http:\/\/www.korrespondance.org\/site\/wp-json\/wp\/v2\/pages"}],"about":[{"href":"http:\/\/www.korrespondance.org\/site\/wp-json\/wp\/v2\/types\/page"}],"author":[{"embeddable":true,"href":"http:\/\/www.korrespondance.org\/site\/wp-json\/wp\/v2\/users\/1"}],"replies":[{"embeddable":true,"href":"http:\/\/www.korrespondance.org\/site\/wp-json\/wp\/v2\/comments?post=423"}],"version-history":[{"count":12,"href":"http:\/\/www.korrespondance.org\/site\/wp-json\/wp\/v2\/pages\/423\/revisions"}],"predecessor-version":[{"id":582,"href":"http:\/\/www.korrespondance.org\/site\/wp-json\/wp\/v2\/pages\/423\/revisions\/582"}],"wp:attachment":[{"href":"http:\/\/www.korrespondance.org\/site\/wp-json\/wp\/v2\/media?parent=423"}],"curies":[{"name":"wp","href":"https:\/\/api.w.org\/{rel}","templated":true}]}}